{"id":48,"date":"2024-04-03T03:00:39","date_gmt":"2024-04-03T03:00:39","guid":{"rendered":"https:\/\/hurtadolatorre.com\/?page_id=48"},"modified":"2024-07-04T18:09:14","modified_gmt":"2024-07-04T18:09:14","slug":"informate","status":"publish","type":"page","link":"https:\/\/hurtadolatorre.com\/en\/informate\/","title":{"rendered":"News"},"content":{"rendered":"\t\t<div data-elementor-type=\"wp-page\" data-elementor-id=\"48\" class=\"elementor elementor-48\" data-elementor-post-type=\"page\">\n\t\t\t\t<div class=\"elementor-element elementor-element-0b07ed0 e-flex e-con-boxed e-con e-parent\" data-id=\"0b07ed0\" data-element_type=\"container\" data-e-type=\"container\" data-settings=\"{&quot;background_background&quot;:&quot;classic&quot;,&quot;jet_parallax_layout_list&quot;:[]}\">\n\t\t\t\t\t<div class=\"e-con-inner\">\n\t\t<div class=\"elementor-element elementor-element-2bc9fa3 e-con-full e-flex e-con e-child\" data-id=\"2bc9fa3\" data-element_type=\"container\" data-e-type=\"container\" data-settings=\"{&quot;jet_parallax_layout_list&quot;:[]}\">\n\t\t\t\t<div class=\"elementor-element elementor-element-b0be452 elementor-widget elementor-widget-heading\" data-id=\"b0be452\" data-element_type=\"widget\" data-e-type=\"widget\" data-widget_type=\"heading.default\">\n\t\t\t\t<div class=\"elementor-widget-container\">\n\t\t\t\t\t<h2 class=\"elementor-heading-title elementor-size-default\">INF\u00d3RMATE<\/h2>\t\t\t\t<\/div>\n\t\t\t\t<\/div>\n\t\t\t\t<\/div>\n\t\t\t\t\t<\/div>\n\t\t\t\t<\/div>\n\t\t<div class=\"elementor-element elementor-element-664444d e-flex e-con-boxed e-con e-parent\" data-id=\"664444d\" data-element_type=\"container\" data-e-type=\"container\" data-settings=\"{&quot;jet_parallax_layout_list&quot;:[]}\">\n\t\t\t\t\t<div class=\"e-con-inner\">\n\t\t<div class=\"elementor-element elementor-element-c717cf6 e-con-full e-flex e-con e-child\" data-id=\"c717cf6\" data-element_type=\"container\" data-e-type=\"container\" data-settings=\"{&quot;jet_parallax_layout_list&quot;:[]}\">\n\t\t\t\t<div class=\"elementor-element elementor-element-cc5e965 elementor-widget elementor-widget-jet-listing-grid\" data-id=\"cc5e965\" data-element_type=\"widget\" data-e-type=\"widget\" data-settings=\"{&quot;columns_tablet&quot;:&quot;2&quot;,&quot;columns_mobile&quot;:&quot;1&quot;,&quot;columns&quot;:3}\" data-widget_type=\"jet-listing-grid.default\">\n\t\t\t\t<div class=\"elementor-widget-container\">\n\t\t\t\t\t<div class=\"jet-listing-grid jet-listing\"><div class=\"jet-listing-grid__items grid-col-desk-3 grid-col-tablet-2 grid-col-mobile-1 jet-listing-grid--1055\" data-queried-id=\"48|WP_Post\" data-nav=\"{&quot;enabled&quot;:true,&quot;type&quot;:&quot;click&quot;,&quot;more_el&quot;:&quot;#mas&quot;,&quot;query&quot;:{&quot;post_status&quot;:[&quot;publish&quot;],&quot;post_type&quot;:&quot;post&quot;,&quot;posts_per_page&quot;:&quot;6&quot;,&quot;paged&quot;:&quot;1&quot;,&quot;ignore_sticky_posts&quot;:&quot;1&quot;,&quot;suppress_filters&quot;:false,&quot;jet_smart_filters&quot;:&quot;jet-engine\\\/default&quot;,&quot;signature&quot;:&quot;802f7451683bdbdc8a12faa3497f4ecb9b6c3be9a3264fd964f2fbe5725b17ae&quot;},&quot;widget_settings&quot;:{&quot;lisitng_id&quot;:1055,&quot;posts_num&quot;:6,&quot;columns&quot;:3,&quot;columns_tablet&quot;:2,&quot;columns_mobile&quot;:1,&quot;column_min_width&quot;:240,&quot;column_min_width_tablet&quot;:240,&quot;column_min_width_mobile&quot;:240,&quot;inline_columns_css&quot;:false,&quot;is_archive_template&quot;:&quot;&quot;,&quot;post_status&quot;:[&quot;publish&quot;],&quot;use_random_posts_num&quot;:&quot;&quot;,&quot;max_posts_num&quot;:9,&quot;not_found_message&quot;:&quot;No se encontro informaci\\u00f3n&quot;,&quot;is_masonry&quot;:false,&quot;equal_columns_height&quot;:&quot;&quot;,&quot;use_load_more&quot;:&quot;yes&quot;,&quot;load_more_id&quot;:&quot;mas&quot;,&quot;load_more_type&quot;:&quot;click&quot;,&quot;load_more_offset&quot;:null,&quot;use_custom_post_types&quot;:&quot;&quot;,&quot;custom_post_types&quot;:[],&quot;hide_widget_if&quot;:&quot;&quot;,&quot;carousel_enabled&quot;:&quot;&quot;,&quot;slides_to_scroll&quot;:&quot;1&quot;,&quot;arrows&quot;:&quot;true&quot;,&quot;arrow_icon&quot;:&quot;fa fa-angle-left&quot;,&quot;dots&quot;:&quot;&quot;,&quot;autoplay&quot;:&quot;true&quot;,&quot;pause_on_hover&quot;:&quot;true&quot;,&quot;autoplay_speed&quot;:5000,&quot;infinite&quot;:&quot;true&quot;,&quot;center_mode&quot;:&quot;&quot;,&quot;effect&quot;:&quot;slide&quot;,&quot;speed&quot;:500,&quot;inject_alternative_items&quot;:&quot;&quot;,&quot;injection_items&quot;:[],&quot;scroll_slider_enabled&quot;:&quot;&quot;,&quot;scroll_slider_on&quot;:[&quot;desktop&quot;,&quot;tablet&quot;,&quot;mobile&quot;],&quot;custom_query&quot;:false,&quot;custom_query_id&quot;:&quot;&quot;,&quot;_element_id&quot;:&quot;&quot;,&quot;collapse_first_last_gap&quot;:false,&quot;list_tag_selection&quot;:&quot;&quot;,&quot;list_items_wrapper_tag&quot;:&quot;div&quot;,&quot;list_item_tag&quot;:&quot;div&quot;,&quot;empty_items_wrapper_tag&quot;:&quot;div&quot;}}\" data-page=\"1\" data-pages=\"1\" data-listing-source=\"posts\" data-listing-id=\"1055\" data-query-id=\"\"><div class=\"jet-listing-grid__item jet-listing-dynamic-post-1053\" data-post-id=\"1053\"  ><style type=\"text\/css\">.jet-listing-dynamic-post-1053 .elementor-element.elementor-element-f60d9f0:not(.elementor-motion-effects-element-type-background), .jet-listing-dynamic-post-1053 .elementor-element.elementor-element-f60d9f0 > .elementor-motion-effects-container > .elementor-motion-effects-layer{background-image:url(\"https:\/\/hurtadolatorre.com\/wp-content\/uploads\/2024\/05\/bioseguridad-instalaciones-biotecnologia_1170794-369139.jpg\");}.jet-listing-dynamic-post-1053 .elementor-element.elementor-element-f60d9f0:hover{background-image:url(\"https:\/\/hurtadolatorre.com\/wp-content\/uploads\/2024\/05\/bioseguridad-instalaciones-biotecnologia_1170794-369139.jpg\");}<\/style><div class=\"jet-engine-listing-overlay-wrap\" data-url=\"https:\/\/hurtadolatorre.com\/en\/2024\/05\/16\/bioseguridad\/\">\t\t<div data-elementor-type=\"jet-listing-items\" data-elementor-id=\"1055\" class=\"elementor elementor-1055\" data-elementor-post-type=\"jet-engine\">\n\t\t\t\t<div class=\"elementor-element elementor-element-f60d9f0 e-flex e-con-boxed e-con e-parent\" data-id=\"f60d9f0\" data-element_type=\"container\" data-e-type=\"container\" data-settings=\"{&quot;background_background&quot;:&quot;classic&quot;,&quot;jet_parallax_layout_list&quot;:[]}\">\n\t\t\t\t\t<div class=\"e-con-inner\">\n\t\t\t\t<div class=\"elementor-element elementor-element-cebf6c3 elementor-widget elementor-widget-heading\" data-id=\"cebf6c3\" data-element_type=\"widget\" data-e-type=\"widget\" data-widget_type=\"heading.default\">\n\t\t\t\t<div class=\"elementor-widget-container\">\n\t\t\t\t\t<h2 class=\"elementor-heading-title elementor-size-default\">Bioseguridad<\/h2>\t\t\t\t<\/div>\n\t\t\t\t<\/div>\n\t\t\t\t<div class=\"elementor-element elementor-element-288e05f elementor-widget elementor-widget-text-editor\" data-id=\"288e05f\" data-element_type=\"widget\" data-e-type=\"widget\" data-widget_type=\"text-editor.default\">\n\t\t\t\t<div class=\"elementor-widget-container\">\n\t\t\t\t\t\t\t\t\tLa Organizaci\u00f3n Mundial de la Salud (OMS), define la Bioseguridad como: \u201cEl t\u00e9rmino utilizado para referirse a los principios, t\u00e9cnicas y practicas aplicadas con el fin de evitar\u00a0 la exposici\u00f3n no intencional a pat\u00f3genos y toxinas, o su liberaci\u00f3n accidental\u201d.\t\t\t\t\t\t\t\t<\/div>\n\t\t\t\t<\/div>\n\t\t\t\t\t<\/div>\n\t\t\t\t<\/div>\n\t\t\t\t<\/div>\n\t\t<a href=\"https:\/\/hurtadolatorre.com\/en\/2024\/05\/16\/bioseguridad\/\" class=\"jet-engine-listing-overlay-link\"><\/a><\/div><\/div><div class=\"jet-listing-grid__item jet-listing-dynamic-post-1050\" data-post-id=\"1050\"  ><style type=\"text\/css\">.jet-listing-dynamic-post-1050 .elementor-element.elementor-element-f60d9f0:not(.elementor-motion-effects-element-type-background), .jet-listing-dynamic-post-1050 .elementor-element.elementor-element-f60d9f0 > .elementor-motion-effects-container > .elementor-motion-effects-layer{background-image:url(\"https:\/\/hurtadolatorre.com\/wp-content\/uploads\/2024\/05\/trabajadores-fabrica-que-controlan-calidad-productos-manufacturados-juntos_342744-166.jpg\");}.jet-listing-dynamic-post-1050 .elementor-element.elementor-element-f60d9f0:hover{background-image:url(\"https:\/\/hurtadolatorre.com\/wp-content\/uploads\/2024\/05\/trabajadores-fabrica-que-controlan-calidad-productos-manufacturados-juntos_342744-166.jpg\");}<\/style><div class=\"jet-engine-listing-overlay-wrap\" data-url=\"https:\/\/hurtadolatorre.com\/en\/2024\/05\/16\/buenas-practicas-de-manufactura-bpm\/\">\t\t<div data-elementor-type=\"jet-listing-items\" data-elementor-id=\"1055\" class=\"elementor elementor-1055\" data-elementor-post-type=\"jet-engine\">\n\t\t\t\t<div class=\"elementor-element elementor-element-f60d9f0 e-flex e-con-boxed e-con e-parent\" data-id=\"f60d9f0\" data-element_type=\"container\" data-e-type=\"container\" data-settings=\"{&quot;background_background&quot;:&quot;classic&quot;,&quot;jet_parallax_layout_list&quot;:[]}\">\n\t\t\t\t\t<div class=\"e-con-inner\">\n\t\t\t\t<div class=\"elementor-element elementor-element-cebf6c3 elementor-widget elementor-widget-heading\" data-id=\"cebf6c3\" data-element_type=\"widget\" data-e-type=\"widget\" data-widget_type=\"heading.default\">\n\t\t\t\t<div class=\"elementor-widget-container\">\n\t\t\t\t\t<h2 class=\"elementor-heading-title elementor-size-default\">Buenas Pr\u00e1cticas de Manufactura (BPM)<\/h2>\t\t\t\t<\/div>\n\t\t\t\t<\/div>\n\t\t\t\t<div class=\"elementor-element elementor-element-288e05f elementor-widget elementor-widget-text-editor\" data-id=\"288e05f\" data-element_type=\"widget\" data-e-type=\"widget\" data-widget_type=\"text-editor.default\">\n\t\t\t\t<div class=\"elementor-widget-container\">\n\t\t\t\t\t\t\t\t\tEl cumplimiento de BPM, garantiza que los proyectos desarrollados acrediten normas nacionales e internacionales que permitan a nuestros clientes lograr las correspondientes certificaciones exigidas por los organismos de control, posibilitando de paso una \u00f3ptima operaci\u00f3n, elevados est\u00e1ndares de calidad al igual que su permanencia y futura proyecci\u00f3n en una econom\u00eda altamente globalizada.\t\t\t\t\t\t\t\t<\/div>\n\t\t\t\t<\/div>\n\t\t\t\t\t<\/div>\n\t\t\t\t<\/div>\n\t\t\t\t<\/div>\n\t\t<a href=\"https:\/\/hurtadolatorre.com\/en\/2024\/05\/16\/buenas-practicas-de-manufactura-bpm\/\" class=\"jet-engine-listing-overlay-link\"><\/a><\/div><\/div><div class=\"jet-listing-grid__item jet-listing-dynamic-post-272\" data-post-id=\"272\"  ><style type=\"text\/css\">.jet-listing-dynamic-post-272 .elementor-element.elementor-element-f60d9f0:not(.elementor-motion-effects-element-type-background), .jet-listing-dynamic-post-272 .elementor-element.elementor-element-f60d9f0 > .elementor-motion-effects-container > .elementor-motion-effects-layer{background-image:url(\"https:\/\/hurtadolatorre.com\/wp-content\/uploads\/2024\/04\/lyrata.png\");}.jet-listing-dynamic-post-272 .elementor-element.elementor-element-f60d9f0:hover{background-image:url(\"https:\/\/hurtadolatorre.com\/wp-content\/uploads\/2024\/04\/lyrata.png\");}<\/style><div class=\"jet-engine-listing-overlay-wrap\" data-url=\"https:\/\/hurtadolatorre.com\/en\/2024\/04\/04\/el-impacto-de-la-tecnologia-en-la-arquitectura-del-siglo-xxi\/\">\t\t<div data-elementor-type=\"jet-listing-items\" data-elementor-id=\"1055\" class=\"elementor elementor-1055\" data-elementor-post-type=\"jet-engine\">\n\t\t\t\t<div class=\"elementor-element elementor-element-f60d9f0 e-flex e-con-boxed e-con e-parent\" data-id=\"f60d9f0\" data-element_type=\"container\" data-e-type=\"container\" data-settings=\"{&quot;background_background&quot;:&quot;classic&quot;,&quot;jet_parallax_layout_list&quot;:[]}\">\n\t\t\t\t\t<div class=\"e-con-inner\">\n\t\t\t\t<div class=\"elementor-element elementor-element-cebf6c3 elementor-widget elementor-widget-heading\" data-id=\"cebf6c3\" data-element_type=\"widget\" data-e-type=\"widget\" data-widget_type=\"heading.default\">\n\t\t\t\t<div class=\"elementor-widget-container\">\n\t\t\t\t\t<h2 class=\"elementor-heading-title elementor-size-default\">El Impacto de la Tecnolog\u00eda en la Arquitectura del Siglo XXI<\/h2>\t\t\t\t<\/div>\n\t\t\t\t<\/div>\n\t\t\t\t<div class=\"elementor-element elementor-element-288e05f elementor-widget elementor-widget-text-editor\" data-id=\"288e05f\" data-element_type=\"widget\" data-e-type=\"widget\" data-widget_type=\"text-editor.default\">\n\t\t\t\t<div class=\"elementor-widget-container\">\n\t\t\t\t\t\t\t\t\tExplora c\u00f3mo la tecnolog\u00eda est\u00e1 transformando la pr\u00e1ctica de la arquitectura, desde el dise\u00f1o asistido por computadora hasta la impresi\u00f3n 3D y la realidad virtual.\t\t\t\t\t\t\t\t<\/div>\n\t\t\t\t<\/div>\n\t\t\t\t\t<\/div>\n\t\t\t\t<\/div>\n\t\t\t\t<\/div>\n\t\t<a href=\"https:\/\/hurtadolatorre.com\/en\/2024\/04\/04\/el-impacto-de-la-tecnologia-en-la-arquitectura-del-siglo-xxi\/\" class=\"jet-engine-listing-overlay-link\"><\/a><\/div><\/div><div class=\"jet-listing-grid__item jet-listing-dynamic-post-270\" data-post-id=\"270\"  ><style type=\"text\/css\">.jet-listing-dynamic-post-270 .elementor-element.elementor-element-f60d9f0:not(.elementor-motion-effects-element-type-background), .jet-listing-dynamic-post-270 .elementor-element.elementor-element-f60d9f0 > .elementor-motion-effects-container > .elementor-motion-effects-layer{background-image:url(\"https:\/\/hurtadolatorre.com\/wp-content\/uploads\/2024\/04\/banner.png\");}.jet-listing-dynamic-post-270 .elementor-element.elementor-element-f60d9f0:hover{background-image:url(\"https:\/\/hurtadolatorre.com\/wp-content\/uploads\/2024\/04\/banner.png\");}<\/style><div class=\"jet-engine-listing-overlay-wrap\" data-url=\"https:\/\/hurtadolatorre.com\/en\/2024\/04\/04\/tendencias-emergentes-en-arquitectura-diseno-bioclimatico\/\">\t\t<div data-elementor-type=\"jet-listing-items\" data-elementor-id=\"1055\" class=\"elementor elementor-1055\" data-elementor-post-type=\"jet-engine\">\n\t\t\t\t<div class=\"elementor-element elementor-element-f60d9f0 e-flex e-con-boxed e-con e-parent\" data-id=\"f60d9f0\" data-element_type=\"container\" data-e-type=\"container\" data-settings=\"{&quot;background_background&quot;:&quot;classic&quot;,&quot;jet_parallax_layout_list&quot;:[]}\">\n\t\t\t\t\t<div class=\"e-con-inner\">\n\t\t\t\t<div class=\"elementor-element elementor-element-cebf6c3 elementor-widget elementor-widget-heading\" data-id=\"cebf6c3\" data-element_type=\"widget\" data-e-type=\"widget\" data-widget_type=\"heading.default\">\n\t\t\t\t<div class=\"elementor-widget-container\">\n\t\t\t\t\t<h2 class=\"elementor-heading-title elementor-size-default\">Tendencias Emergentes en Arquitectura: Dise\u00f1o Bioclim\u00e1tico<\/h2>\t\t\t\t<\/div>\n\t\t\t\t<\/div>\n\t\t\t\t<div class=\"elementor-element elementor-element-288e05f elementor-widget elementor-widget-text-editor\" data-id=\"288e05f\" data-element_type=\"widget\" data-e-type=\"widget\" data-widget_type=\"text-editor.default\">\n\t\t\t\t<div class=\"elementor-widget-container\">\n\t\t\t\t\t\t\t\t\tDescubre c\u00f3mo el dise\u00f1o bioclim\u00e1tico est\u00e1 transformando la arquitectura contempor\u00e1nea y creando edificios m\u00e1s sostenibles y eficientes en t\u00e9rminos energ\u00e9ticos.\t\t\t\t\t\t\t\t<\/div>\n\t\t\t\t<\/div>\n\t\t\t\t\t<\/div>\n\t\t\t\t<\/div>\n\t\t\t\t<\/div>\n\t\t<a href=\"https:\/\/hurtadolatorre.com\/en\/2024\/04\/04\/tendencias-emergentes-en-arquitectura-diseno-bioclimatico\/\" class=\"jet-engine-listing-overlay-link\"><\/a><\/div><\/div><div class=\"jet-listing-grid__item jet-listing-dynamic-post-268\" data-post-id=\"268\"  ><style type=\"text\/css\">.jet-listing-dynamic-post-268 .elementor-element.elementor-element-f60d9f0:not(.elementor-motion-effects-element-type-background), .jet-listing-dynamic-post-268 .elementor-element.elementor-element-f60d9f0 > .elementor-motion-effects-container > .elementor-motion-effects-layer{background-image:url(\"https:\/\/hurtadolatorre.com\/wp-content\/uploads\/2024\/04\/recamier.png\");}.jet-listing-dynamic-post-268 .elementor-element.elementor-element-f60d9f0:hover{background-image:url(\"https:\/\/hurtadolatorre.com\/wp-content\/uploads\/2024\/04\/recamier.png\");}<\/style><div class=\"jet-engine-listing-overlay-wrap\" data-url=\"https:\/\/hurtadolatorre.com\/en\/2024\/04\/04\/los-principios-fundamentales-del-diseno-arquitectonico\/\">\t\t<div data-elementor-type=\"jet-listing-items\" data-elementor-id=\"1055\" class=\"elementor elementor-1055\" data-elementor-post-type=\"jet-engine\">\n\t\t\t\t<div class=\"elementor-element elementor-element-f60d9f0 e-flex e-con-boxed e-con e-parent\" data-id=\"f60d9f0\" data-element_type=\"container\" data-e-type=\"container\" data-settings=\"{&quot;background_background&quot;:&quot;classic&quot;,&quot;jet_parallax_layout_list&quot;:[]}\">\n\t\t\t\t\t<div class=\"e-con-inner\">\n\t\t\t\t<div class=\"elementor-element elementor-element-cebf6c3 elementor-widget elementor-widget-heading\" data-id=\"cebf6c3\" data-element_type=\"widget\" data-e-type=\"widget\" data-widget_type=\"heading.default\">\n\t\t\t\t<div class=\"elementor-widget-container\">\n\t\t\t\t\t<h2 class=\"elementor-heading-title elementor-size-default\">Los Principios Fundamentales del Dise\u00f1o Arquitect\u00f3nico<\/h2>\t\t\t\t<\/div>\n\t\t\t\t<\/div>\n\t\t\t\t<div class=\"elementor-element elementor-element-288e05f elementor-widget elementor-widget-text-editor\" data-id=\"288e05f\" data-element_type=\"widget\" data-e-type=\"widget\" data-widget_type=\"text-editor.default\">\n\t\t\t\t<div class=\"elementor-widget-container\">\n\t\t\t\t\t\t\t\t\tDescubre los principios esenciales que gu\u00edan el dise\u00f1o arquitect\u00f3nico y aprende c\u00f3mo aplicarlos en tus propios proyectos. Desde la funcionalidad hasta la est\u00e9tica, estos fundamentos son la base de cualquier gran dise\u00f1o arquitect\u00f3nico.\t\t\t\t\t\t\t\t<\/div>\n\t\t\t\t<\/div>\n\t\t\t\t\t<\/div>\n\t\t\t\t<\/div>\n\t\t\t\t<\/div>\n\t\t<a href=\"https:\/\/hurtadolatorre.com\/en\/2024\/04\/04\/los-principios-fundamentales-del-diseno-arquitectonico\/\" class=\"jet-engine-listing-overlay-link\"><\/a><\/div><\/div><\/div><\/div>\t\t\t\t<\/div>\n\t\t\t\t<\/div>\n\t\t\t\t<div class=\"elementor-element elementor-element-ce25a64 elementor-align-center elementor-widget-mobile__width-inherit mas elementor-widget elementor-widget-button\" data-id=\"ce25a64\" data-element_type=\"widget\" data-e-type=\"widget\" id=\"mas\" data-widget_type=\"button.default\">\n\t\t\t\t<div class=\"elementor-widget-container\">\n\t\t\t\t\t\t\t\t\t<div class=\"elementor-button-wrapper\">\n\t\t\t\t\t<a class=\"elementor-button elementor-size-sm\" role=\"button\">\n\t\t\t\t\t\t<span class=\"elementor-button-content-wrapper\">\n\t\t\t\t\t\t<span class=\"elementor-button-icon\">\n\t\t\t\t<svg xmlns=\"http:\/\/www.w3.org\/2000\/svg\" id=\"uuid-d2c4c102-45a6-4b6f-8d0b-eec61bd00fee\" data-name=\"Capa 2\" width=\"67.47\" height=\"128.82\" viewBox=\"0 0 67.47 128.82\"><defs><style>      .uuid-7f757814-6c02-42c0-96fe-1d50c52e3096 {        fill: #000;        stroke-width: 0px;      }    <\/style><\/defs><g id=\"uuid-3d1e19ab-2fe7-441c-b47d-bffdf73d8aae\" data-name=\"Capa 1\"><path class=\"uuid-7f757814-6c02-42c0-96fe-1d50c52e3096\" d=\"M2.99,0c1.7-.02,2.64,1.22,3.68,2.25,9.35,9.33,18.69,18.67,28.02,28.01,10.22,10.23,20.44,20.45,30.65,30.69,2.81,2.82,2.83,4.06.07,6.82-19.61,19.63-39.22,39.25-58.84,58.87-2.34,2.34-4.19,2.78-5.63,1.39-1.58-1.51-1.18-3.33,1.29-5.8,18.62-18.63,37.22-37.28,55.9-55.84,1.66-1.65,1.5-2.5-.07-4.05C39.39,43.77,20.79,25.13,2.17,6.49c-.66-.66-1.36-1.34-1.77-2.15C-.64,2.25.75,0,2.99,0Z\"><\/path><\/g><\/svg>\t\t\t<\/span>\n\t\t\t\t\t\t\t\t\t<span class=\"elementor-button-text\">cargar m\u00e1s<\/span>\n\t\t\t\t\t<\/span>\n\t\t\t\t\t<\/a>\n\t\t\t\t<\/div>\n\t\t\t\t\t\t\t\t<\/div>\n\t\t\t\t<\/div>\n\t\t\t\t<\/div>\n\t\t\t\t\t<\/div>\n\t\t\t\t<\/div>\n\t\t\t\t<\/div>\n\t\t","protected":false},"excerpt":{"rendered":"<p>INF\u00d3RMATE cargar m\u00e1s<\/p>","protected":false},"author":1,"featured_media":0,"parent":0,"menu_order":0,"comment_status":"closed","ping_status":"closed","template":"","meta":{"_joinchat":[],"footnotes":""},"class_list":["post-48","page","type-page","status-publish","hentry"],"_links":{"self":[{"href":"https:\/\/hurtadolatorre.com\/en\/wp-json\/wp\/v2\/pages\/48","targetHints":{"allow":["GET"]}}],"collection":[{"href":"https:\/\/hurtadolatorre.com\/en\/wp-json\/wp\/v2\/pages"}],"about":[{"href":"https:\/\/hurtadolatorre.com\/en\/wp-json\/wp\/v2\/types\/page"}],"author":[{"embeddable":true,"href":"https:\/\/hurtadolatorre.com\/en\/wp-json\/wp\/v2\/users\/1"}],"replies":[{"embeddable":true,"href":"https:\/\/hurtadolatorre.com\/en\/wp-json\/wp\/v2\/comments?post=48"}],"version-history":[{"count":82,"href":"https:\/\/hurtadolatorre.com\/en\/wp-json\/wp\/v2\/pages\/48\/revisions"}],"predecessor-version":[{"id":1141,"href":"https:\/\/hurtadolatorre.com\/en\/wp-json\/wp\/v2\/pages\/48\/revisions\/1141"}],"wp:attachment":[{"href":"https:\/\/hurtadolatorre.com\/en\/wp-json\/wp\/v2\/media?parent=48"}],"curies":[{"name":"wp","href":"https:\/\/api.w.org\/{rel}","templated":true}]}}